{"id":16901,"date":"2025-01-16T17:16:32","date_gmt":"2025-01-16T16:16:32","guid":{"rendered":"https:\/\/wdcl.com.co\/?page_id=16901"},"modified":"2025-01-16T18:24:38","modified_gmt":"2025-01-16T17:24:38","slug":"octava-edicion-2024","status":"publish","type":"page","link":"https:\/\/wdcl.com.co\/es\/octava-edicion-2024\/","title":{"rendered":"Octava Edici\u00f3n 2024"},"content":{"rendered":"<div data-elementor-type=\"wp-page\" data-elementor-id=\"16901\" class=\"elementor elementor-16901\">\n\t\t\t\t\t\t\t\t\t<section class=\"elementor-section elementor-top-section elementor-element elementor-element-f62bc38 elementor-section-height-min-height elementor-section-boxed elementor-section-height-default elementor-section-items-middle\" data-id=\"f62bc38\" data-element_type=\"section\">\n\t\t\t\t\t\t<div class=\"elementor-container elementor-column-gap-default\">\n\t\t\t\t\t<div class=\"elementor-column elementor-col-33 elementor-top-column elementor-element elementor-element-a3a96f8\" data-id=\"a3a96f8\" data-element_type=\"column\">\n\t\t\t<div class=\"elementor-widget-wrap elementor-element-populated\">\n\t\t\t\t\t\t\t\t<div class=\"elementor-element elementor-element-65d547d elementor-widget elementor-widget-headingss\" data-id=\"65d547d\" data-element_type=\"widget\" data-widget_type=\"headingss.default\">\n\t\t\t\t<div class=\"elementor-widget-container\">\n\t\t\t\r\n\t\t<!--====== HTML CODING START ========-->\r\n\r\n\t\t<div id=\"mega-line-container\" class=\"mega-line-heading\">\r\n\t\t\t\r\n\t\t\t\r\n\t\t    \r\n\t\t    \r\n\t\t    \r\n\t\t    \t\t\t\t<div id=\"mega-line-icon\" style=\"text-align: center;\">  \r\n\t\t\t        <h3 style=\"color: #5D5D5D;\">\r\n\t\t\t        \tSesi\u00f3n inaugural\t\t\t        <\/h3>\r\n\t\t\t        <div>\r\n\t\t\t        \t\t\t\t        <\/div>\r\n\t\t\t        <div class=\"line-icon\" style=\"text-align: center; width: 230px; border-top: 1px solid #5D5D5D;\">\r\n\t\t\t        \t\t\t\t        \t\t<i class=\"far fa-dot-circle\" aria-hidden=\"true\" style=\"color: #5D5D5D\"><\/i>\r\n\t\t\t        \t\t\t\t        \t\t\t\t        <\/div>\r\n\t\t\t    <\/div>\r\n\t\t          \t<\/div>\r\n\r\n\t\t\t\t<\/div>\n\t\t\t\t<\/div>\n\t\t\t\t<div class=\"elementor-element elementor-element-ddb5110 elementor-widget elementor-widget-video\" data-id=\"ddb5110\" data-element_type=\"widget\" data-settings=\"{&quot;youtube_url&quot;:&quot;https:\\\/\\\/youtu.be\\\/_Jh7TBcx4ig?si=JgR5G6TRIutYoLj_&quot;,&quot;modestbranding&quot;:&quot;yes&quot;,&quot;yt_privacy&quot;:&quot;yes&quot;,&quot;video_type&quot;:&quot;youtube&quot;,&quot;controls&quot;:&quot;yes&quot;}\" data-widget_type=\"video.default\">\n\t\t\t\t<div class=\"elementor-widget-container\">\n\t\t\t<style>\/*! elementor - v3.12.2 - 23-04-2023 *\/\n.elementor-widget-video .elementor-widget-container{overflow:hidden;transform:translateZ(0)}.elementor-widget-video .elementor-wrapper iframe,.elementor-widget-video .elementor-wrapper video{height:100%;width:100%;display:flex;border:none;background-color:#000}.elementor-widget-video .elementor-open-inline .elementor-custom-embed-image-overlay{position:absolute;top:0;left:0;width:100%;height:100%;background-size:cover;background-position:50%}.elementor-widget-video .elementor-custom-embed-image-overlay{cursor:pointer;text-align:center}.elementor-widget-video .elementor-custom-embed-image-overlay:hover .elementor-custom-embed-play i{opacity:1}.elementor-widget-video .elementor-custom-embed-image-overlay img{display:block;width:100%}.elementor-widget-video .e-hosted-video .elementor-video{-o-object-fit:cover;object-fit:cover}.e-con-inner>.elementor-widget-video,.e-con>.elementor-widget-video{width:var(--container-widget-width);--flex-grow:var(--container-widget-flex-grow)}<\/style>\t\t<div class=\"elementor-wrapper elementor-open-inline\">\n\t\t\t<div class=\"elementor-video\"><\/div>\t\t<\/div>\n\t\t\t\t<\/div>\n\t\t\t\t<\/div>\n\t\t\t\t\t<\/div>\n\t\t<\/div>\n\t\t\t\t<div class=\"elementor-column elementor-col-33 elementor-top-column elementor-element elementor-element-63fec3f\" data-id=\"63fec3f\" data-element_type=\"column\">\n\t\t\t<div class=\"elementor-widget-wrap elementor-element-populated\">\n\t\t\t\t\t\t\t\t<div class=\"elementor-element elementor-element-06f3e1c elementor-widget elementor-widget-headingss\" data-id=\"06f3e1c\" data-element_type=\"widget\" data-widget_type=\"headingss.default\">\n\t\t\t\t<div class=\"elementor-widget-container\">\n\t\t\t\r\n\t\t<!--====== HTML CODING START ========-->\r\n\r\n\t\t<div id=\"mega-line-container\" class=\"mega-line-heading\">\r\n\t\t\t\r\n\t\t\t\r\n\t\t    \r\n\t\t    \r\n\t\t    \r\n\t\t    \t\t\t\t<div id=\"mega-line-icon\" style=\"text-align: center;\">  \r\n\t\t\t        <h3 style=\"color: #5D5D5D;\">\r\n\t\t\t        \tSesi\u00f3n 1\t\t\t        <\/h3>\r\n\t\t\t        <div>\r\n\t\t\t        \t\t\t\t        <\/div>\r\n\t\t\t        <div class=\"line-icon\" style=\"text-align: center; width: 230px; border-top: 1px solid #5D5D5D;\">\r\n\t\t\t        \t\t\t\t        \t\t<i class=\"far fa-dot-circle\" aria-hidden=\"true\" style=\"color: #5D5D5D\"><\/i>\r\n\t\t\t        \t\t\t\t        \t\t\t\t        <\/div>\r\n\t\t\t    <\/div>\r\n\t\t          \t<\/div>\r\n\r\n\t\t\t\t<\/div>\n\t\t\t\t<\/div>\n\t\t\t\t<div class=\"elementor-element elementor-element-c08dc98 elementor-widget elementor-widget-video\" data-id=\"c08dc98\" data-element_type=\"widget\" data-settings=\"{&quot;youtube_url&quot;:&quot;https:\\\/\\\/youtu.be\\\/BlAeIAgv_4k?si=Fk1_ZluP04LEr6kr&quot;,&quot;modestbranding&quot;:&quot;yes&quot;,&quot;yt_privacy&quot;:&quot;yes&quot;,&quot;video_type&quot;:&quot;youtube&quot;,&quot;controls&quot;:&quot;yes&quot;}\" data-widget_type=\"video.default\">\n\t\t\t\t<div class=\"elementor-widget-container\">\n\t\t\t\t\t<div class=\"elementor-wrapper elementor-open-inline\">\n\t\t\t<div class=\"elementor-video\"><\/div>\t\t<\/div>\n\t\t\t\t<\/div>\n\t\t\t\t<\/div>\n\t\t\t\t\t<\/div>\n\t\t<\/div>\n\t\t\t\t<div class=\"elementor-column elementor-col-33 elementor-top-column elementor-element elementor-element-aadba84\" data-id=\"aadba84\" data-element_type=\"column\">\n\t\t\t<div class=\"elementor-widget-wrap elementor-element-populated\">\n\t\t\t\t\t\t\t\t<div class=\"elementor-element elementor-element-878b6f5 elementor-widget elementor-widget-headingss\" data-id=\"878b6f5\" data-element_type=\"widget\" data-widget_type=\"headingss.default\">\n\t\t\t\t<div class=\"elementor-widget-container\">\n\t\t\t\r\n\t\t<!--====== HTML CODING START ========-->\r\n\r\n\t\t<div id=\"mega-line-container\" class=\"mega-line-heading\">\r\n\t\t\t\r\n\t\t\t\r\n\t\t    \r\n\t\t    \r\n\t\t    \r\n\t\t    \t\t\t\t<div id=\"mega-line-icon\" style=\"text-align: center;\">  \r\n\t\t\t        <h3 style=\"color: #5D5D5D;\">\r\n\t\t\t        \tSesi\u00f3n 2\t\t\t        <\/h3>\r\n\t\t\t        <div>\r\n\t\t\t        \t\t\t\t        <\/div>\r\n\t\t\t        <div class=\"line-icon\" style=\"text-align: center; width: 230px; border-top: 1px solid #5D5D5D;\">\r\n\t\t\t        \t\t\t\t        \t\t<i class=\"far fa-dot-circle\" aria-hidden=\"true\" style=\"color: #5D5D5D\"><\/i>\r\n\t\t\t        \t\t\t\t        \t\t\t\t        <\/div>\r\n\t\t\t    <\/div>\r\n\t\t          \t<\/div>\r\n\r\n\t\t\t\t<\/div>\n\t\t\t\t<\/div>\n\t\t\t\t<div class=\"elementor-element elementor-element-ffb3d8a elementor-widget elementor-widget-video\" data-id=\"ffb3d8a\" data-element_type=\"widget\" data-settings=\"{&quot;youtube_url&quot;:&quot;https:\\\/\\\/youtu.be\\\/mlchTtwr7PE?si=utxRAWFq25RP8YHB&quot;,&quot;modestbranding&quot;:&quot;yes&quot;,&quot;yt_privacy&quot;:&quot;yes&quot;,&quot;video_type&quot;:&quot;youtube&quot;,&quot;controls&quot;:&quot;yes&quot;}\" data-widget_type=\"video.default\">\n\t\t\t\t<div class=\"elementor-widget-container\">\n\t\t\t\t\t<div class=\"elementor-wrapper elementor-open-inline\">\n\t\t\t<div class=\"elementor-video\"><\/div>\t\t<\/div>\n\t\t\t\t<\/div>\n\t\t\t\t<\/div>\n\t\t\t\t\t<\/div>\n\t\t<\/div>\n\t\t\t\t\t\t\t<\/div>\n\t\t<\/section>\n\t\t\t\t<section class=\"elementor-section elementor-top-section elementor-element elementor-element-1218f15 elementor-section-height-min-height elementor-section-boxed elementor-section-height-default elementor-section-items-middle\" data-id=\"1218f15\" data-element_type=\"section\">\n\t\t\t\t\t\t<div class=\"elementor-container elementor-column-gap-default\">\n\t\t\t\t\t<div class=\"elementor-column elementor-col-33 elementor-top-column elementor-element elementor-element-3947018\" data-id=\"3947018\" data-element_type=\"column\">\n\t\t\t<div class=\"elementor-widget-wrap elementor-element-populated\">\n\t\t\t\t\t\t\t\t<div class=\"elementor-element elementor-element-4a278e2 elementor-widget elementor-widget-headingss\" data-id=\"4a278e2\" data-element_type=\"widget\" data-widget_type=\"headingss.default\">\n\t\t\t\t<div class=\"elementor-widget-container\">\n\t\t\t\r\n\t\t<!--====== HTML CODING START ========-->\r\n\r\n\t\t<div id=\"mega-line-container\" class=\"mega-line-heading\">\r\n\t\t\t\r\n\t\t\t\r\n\t\t    \r\n\t\t    \r\n\t\t    \r\n\t\t    \t\t\t\t<div id=\"mega-line-icon\" style=\"text-align: center;\">  \r\n\t\t\t        <h3 style=\"color: #5D5D5D;\">\r\n\t\t\t        \tSesi\u00f3n 3\t\t\t        <\/h3>\r\n\t\t\t        <div>\r\n\t\t\t        \t\t\t\t        <\/div>\r\n\t\t\t        <div class=\"line-icon\" style=\"text-align: center; width: 230px; border-top: 1px solid #5D5D5D;\">\r\n\t\t\t        \t\t\t\t        \t\t<i class=\"far fa-dot-circle\" aria-hidden=\"true\" style=\"color: #5D5D5D\"><\/i>\r\n\t\t\t        \t\t\t\t        \t\t\t\t        <\/div>\r\n\t\t\t    <\/div>\r\n\t\t          \t<\/div>\r\n\r\n\t\t\t\t<\/div>\n\t\t\t\t<\/div>\n\t\t\t\t<div class=\"elementor-element elementor-element-f651cc9 elementor-widget elementor-widget-video\" data-id=\"f651cc9\" data-element_type=\"widget\" data-settings=\"{&quot;youtube_url&quot;:&quot;https:\\\/\\\/youtu.be\\\/33EkKU5_vfY?si=Fu71Zave5_oVOq5p&quot;,&quot;modestbranding&quot;:&quot;yes&quot;,&quot;yt_privacy&quot;:&quot;yes&quot;,&quot;video_type&quot;:&quot;youtube&quot;,&quot;controls&quot;:&quot;yes&quot;}\" data-widget_type=\"video.default\">\n\t\t\t\t<div class=\"elementor-widget-container\">\n\t\t\t\t\t<div class=\"elementor-wrapper elementor-open-inline\">\n\t\t\t<div class=\"elementor-video\"><\/div>\t\t<\/div>\n\t\t\t\t<\/div>\n\t\t\t\t<\/div>\n\t\t\t\t\t<\/div>\n\t\t<\/div>\n\t\t\t\t<div class=\"elementor-column elementor-col-33 elementor-top-column elementor-element elementor-element-a80e13b\" data-id=\"a80e13b\" data-element_type=\"column\">\n\t\t\t<div class=\"elementor-widget-wrap elementor-element-populated\">\n\t\t\t\t\t\t\t\t<div class=\"elementor-element elementor-element-17a5f4f elementor-widget elementor-widget-headingss\" data-id=\"17a5f4f\" data-element_type=\"widget\" data-widget_type=\"headingss.default\">\n\t\t\t\t<div class=\"elementor-widget-container\">\n\t\t\t\r\n\t\t<!--====== HTML CODING START ========-->\r\n\r\n\t\t<div id=\"mega-line-container\" class=\"mega-line-heading\">\r\n\t\t\t\r\n\t\t\t\r\n\t\t    \r\n\t\t    \r\n\t\t    \r\n\t\t    \t\t\t\t<div id=\"mega-line-icon\" style=\"text-align: center;\">  \r\n\t\t\t        <h3 style=\"color: #5D5D5D;\">\r\n\t\t\t        \tSesi\u00f3n 4\t\t\t        <\/h3>\r\n\t\t\t        <div>\r\n\t\t\t        \t\t\t\t        <\/div>\r\n\t\t\t        <div class=\"line-icon\" style=\"text-align: center; width: 230px; border-top: 1px solid #5D5D5D;\">\r\n\t\t\t        \t\t\t\t        \t\t<i class=\"far fa-dot-circle\" aria-hidden=\"true\" style=\"color: #5D5D5D\"><\/i>\r\n\t\t\t        \t\t\t\t        \t\t\t\t        <\/div>\r\n\t\t\t    <\/div>\r\n\t\t          \t<\/div>\r\n\r\n\t\t\t\t<\/div>\n\t\t\t\t<\/div>\n\t\t\t\t<div class=\"elementor-element elementor-element-b8c00cb elementor-widget elementor-widget-video\" data-id=\"b8c00cb\" data-element_type=\"widget\" data-settings=\"{&quot;youtube_url&quot;:&quot;https:\\\/\\\/youtu.be\\\/RhP0qJ8ethw?si=r1_FHd8R2U5i8_4b&quot;,&quot;modestbranding&quot;:&quot;yes&quot;,&quot;yt_privacy&quot;:&quot;yes&quot;,&quot;video_type&quot;:&quot;youtube&quot;,&quot;controls&quot;:&quot;yes&quot;}\" data-widget_type=\"video.default\">\n\t\t\t\t<div class=\"elementor-widget-container\">\n\t\t\t\t\t<div class=\"elementor-wrapper elementor-open-inline\">\n\t\t\t<div class=\"elementor-video\"><\/div>\t\t<\/div>\n\t\t\t\t<\/div>\n\t\t\t\t<\/div>\n\t\t\t\t\t<\/div>\n\t\t<\/div>\n\t\t\t\t<div class=\"elementor-column elementor-col-33 elementor-top-column elementor-element elementor-element-d7a0544\" data-id=\"d7a0544\" data-element_type=\"column\">\n\t\t\t<div class=\"elementor-widget-wrap elementor-element-populated\">\n\t\t\t\t\t\t\t\t<div class=\"elementor-element elementor-element-6ff7539 elementor-widget elementor-widget-headingss\" data-id=\"6ff7539\" data-element_type=\"widget\" data-widget_type=\"headingss.default\">\n\t\t\t\t<div class=\"elementor-widget-container\">\n\t\t\t\r\n\t\t<!--====== HTML CODING START ========-->\r\n\r\n\t\t<div id=\"mega-line-container\" class=\"mega-line-heading\">\r\n\t\t\t\r\n\t\t\t\r\n\t\t    \r\n\t\t    \r\n\t\t    \r\n\t\t    \t\t\t\t<div id=\"mega-line-icon\" style=\"text-align: center;\">  \r\n\t\t\t        <h3 style=\"color: #5D5D5D;\">\r\n\t\t\t        \tSesi\u00f3n 5\t\t\t        <\/h3>\r\n\t\t\t        <div>\r\n\t\t\t        \t\t\t\t        <\/div>\r\n\t\t\t        <div class=\"line-icon\" style=\"text-align: center; width: 230px; border-top: 1px solid #5D5D5D;\">\r\n\t\t\t        \t\t\t\t        \t\t<i class=\"far fa-dot-circle\" aria-hidden=\"true\" style=\"color: #5D5D5D\"><\/i>\r\n\t\t\t        \t\t\t\t        \t\t\t\t        <\/div>\r\n\t\t\t    <\/div>\r\n\t\t          \t<\/div>\r\n\r\n\t\t\t\t<\/div>\n\t\t\t\t<\/div>\n\t\t\t\t<div class=\"elementor-element elementor-element-5006652 elementor-widget elementor-widget-video\" data-id=\"5006652\" data-element_type=\"widget\" data-settings=\"{&quot;youtube_url&quot;:&quot;https:\\\/\\\/youtu.be\\\/RmjJMArCk7Y?si=yLiWGX7pSCxvHZ_I&quot;,&quot;modestbranding&quot;:&quot;yes&quot;,&quot;yt_privacy&quot;:&quot;yes&quot;,&quot;video_type&quot;:&quot;youtube&quot;,&quot;controls&quot;:&quot;yes&quot;}\" data-widget_type=\"video.default\">\n\t\t\t\t<div class=\"elementor-widget-container\">\n\t\t\t\t\t<div class=\"elementor-wrapper elementor-open-inline\">\n\t\t\t<div class=\"elementor-video\"><\/div>\t\t<\/div>\n\t\t\t\t<\/div>\n\t\t\t\t<\/div>\n\t\t\t\t\t<\/div>\n\t\t<\/div>\n\t\t\t\t\t\t\t<\/div>\n\t\t<\/section>\n\t\t\t\t<section class=\"elementor-section elementor-top-section elementor-element elementor-element-24b28ad elementor-section-height-min-height elementor-section-boxed elementor-section-height-default elementor-section-items-middle\" data-id=\"24b28ad\" data-element_type=\"section\">\n\t\t\t\t\t\t<div class=\"elementor-container elementor-column-gap-default\">\n\t\t\t\t\t<div class=\"elementor-column elementor-col-33 elementor-top-column elementor-element elementor-element-80d6a8e\" data-id=\"80d6a8e\" data-element_type=\"column\">\n\t\t\t<div class=\"elementor-widget-wrap elementor-element-populated\">\n\t\t\t\t\t\t\t\t<div class=\"elementor-element elementor-element-f706ebc elementor-widget elementor-widget-headingss\" data-id=\"f706ebc\" data-element_type=\"widget\" data-widget_type=\"headingss.default\">\n\t\t\t\t<div class=\"elementor-widget-container\">\n\t\t\t\r\n\t\t<!--====== HTML CODING START ========-->\r\n\r\n\t\t<div id=\"mega-line-container\" class=\"mega-line-heading\">\r\n\t\t\t\r\n\t\t\t\r\n\t\t    \r\n\t\t    \r\n\t\t    \r\n\t\t    \t\t\t\t<div id=\"mega-line-icon\" style=\"text-align: center;\">  \r\n\t\t\t        <h3 style=\"color: #5D5D5D;\">\r\n\t\t\t        \tSesi\u00f3n 6\t\t\t        <\/h3>\r\n\t\t\t        <div>\r\n\t\t\t        \t\t\t\t        <\/div>\r\n\t\t\t        <div class=\"line-icon\" style=\"text-align: center; width: 230px; border-top: 1px solid #5D5D5D;\">\r\n\t\t\t        \t\t\t\t        \t\t<i class=\"far fa-dot-circle\" aria-hidden=\"true\" style=\"color: #5D5D5D\"><\/i>\r\n\t\t\t        \t\t\t\t        \t\t\t\t        <\/div>\r\n\t\t\t    <\/div>\r\n\t\t          \t<\/div>\r\n\r\n\t\t\t\t<\/div>\n\t\t\t\t<\/div>\n\t\t\t\t<div class=\"elementor-element elementor-element-b97472a elementor-widget elementor-widget-video\" data-id=\"b97472a\" data-element_type=\"widget\" data-settings=\"{&quot;youtube_url&quot;:&quot;https:\\\/\\\/youtu.be\\\/YwFdPL1m1hE?si=W-1MYOzyRhEiGze-&quot;,&quot;modestbranding&quot;:&quot;yes&quot;,&quot;yt_privacy&quot;:&quot;yes&quot;,&quot;video_type&quot;:&quot;youtube&quot;,&quot;controls&quot;:&quot;yes&quot;}\" data-widget_type=\"video.default\">\n\t\t\t\t<div class=\"elementor-widget-container\">\n\t\t\t\t\t<div class=\"elementor-wrapper elementor-open-inline\">\n\t\t\t<div class=\"elementor-video\"><\/div>\t\t<\/div>\n\t\t\t\t<\/div>\n\t\t\t\t<\/div>\n\t\t\t\t\t<\/div>\n\t\t<\/div>\n\t\t\t\t<div class=\"elementor-column elementor-col-33 elementor-top-column elementor-element elementor-element-ab61ccf\" data-id=\"ab61ccf\" data-element_type=\"column\">\n\t\t\t<div class=\"elementor-widget-wrap elementor-element-populated\">\n\t\t\t\t\t\t\t\t<div class=\"elementor-element elementor-element-f66964a elementor-widget elementor-widget-headingss\" data-id=\"f66964a\" data-element_type=\"widget\" data-widget_type=\"headingss.default\">\n\t\t\t\t<div class=\"elementor-widget-container\">\n\t\t\t\r\n\t\t<!--====== HTML CODING START ========-->\r\n\r\n\t\t<div id=\"mega-line-container\" class=\"mega-line-heading\">\r\n\t\t\t\r\n\t\t\t\r\n\t\t    \r\n\t\t    \r\n\t\t    \r\n\t\t    \t\t\t\t<div id=\"mega-line-icon\" style=\"text-align: center;\">  \r\n\t\t\t        <h3 style=\"color: #5D5D5D;\">\r\n\t\t\t        \tSesi\u00f3n 7\t\t\t        <\/h3>\r\n\t\t\t        <div>\r\n\t\t\t        \t\t\t\t        <\/div>\r\n\t\t\t        <div class=\"line-icon\" style=\"text-align: center; width: 230px; border-top: 1px solid #5D5D5D;\">\r\n\t\t\t        \t\t\t\t        \t\t<i class=\"far fa-dot-circle\" aria-hidden=\"true\" style=\"color: #5D5D5D\"><\/i>\r\n\t\t\t        \t\t\t\t        \t\t\t\t        <\/div>\r\n\t\t\t    <\/div>\r\n\t\t          \t<\/div>\r\n\r\n\t\t\t\t<\/div>\n\t\t\t\t<\/div>\n\t\t\t\t<div class=\"elementor-element elementor-element-82b981b elementor-widget elementor-widget-video\" data-id=\"82b981b\" data-element_type=\"widget\" data-settings=\"{&quot;youtube_url&quot;:&quot;https:\\\/\\\/youtu.be\\\/viqSS-hZTGM?si=K47quGfMgfK8uvj3&quot;,&quot;modestbranding&quot;:&quot;yes&quot;,&quot;yt_privacy&quot;:&quot;yes&quot;,&quot;video_type&quot;:&quot;youtube&quot;,&quot;controls&quot;:&quot;yes&quot;}\" data-widget_type=\"video.default\">\n\t\t\t\t<div class=\"elementor-widget-container\">\n\t\t\t\t\t<div class=\"elementor-wrapper elementor-open-inline\">\n\t\t\t<div class=\"elementor-video\"><\/div>\t\t<\/div>\n\t\t\t\t<\/div>\n\t\t\t\t<\/div>\n\t\t\t\t\t<\/div>\n\t\t<\/div>\n\t\t\t\t<div class=\"elementor-column elementor-col-33 elementor-top-column elementor-element elementor-element-2633d6a\" data-id=\"2633d6a\" data-element_type=\"column\">\n\t\t\t<div class=\"elementor-widget-wrap elementor-element-populated\">\n\t\t\t\t\t\t\t\t<div class=\"elementor-element elementor-element-06fa7a3 elementor-widget elementor-widget-headingss\" data-id=\"06fa7a3\" data-element_type=\"widget\" data-widget_type=\"headingss.default\">\n\t\t\t\t<div class=\"elementor-widget-container\">\n\t\t\t\r\n\t\t<!--====== HTML CODING START ========-->\r\n\r\n\t\t<div id=\"mega-line-container\" class=\"mega-line-heading\">\r\n\t\t\t\r\n\t\t\t\r\n\t\t    \r\n\t\t    \r\n\t\t    \r\n\t\t    \t\t\t\t<div id=\"mega-line-icon\" style=\"text-align: center;\">  \r\n\t\t\t        <h3 style=\"color: #5D5D5D;\">\r\n\t\t\t        \tSesi\u00f3n 8\t\t\t        <\/h3>\r\n\t\t\t        <div>\r\n\t\t\t        \t\t\t\t        <\/div>\r\n\t\t\t        <div class=\"line-icon\" style=\"text-align: center; width: 230px; border-top: 1px solid #5D5D5D;\">\r\n\t\t\t        \t\t\t\t        \t\t<i class=\"far fa-dot-circle\" aria-hidden=\"true\" style=\"color: #5D5D5D\"><\/i>\r\n\t\t\t        \t\t\t\t        \t\t\t\t        <\/div>\r\n\t\t\t    <\/div>\r\n\t\t          \t<\/div>\r\n\r\n\t\t\t\t<\/div>\n\t\t\t\t<\/div>\n\t\t\t\t<div class=\"elementor-element elementor-element-383515d elementor-widget elementor-widget-video\" data-id=\"383515d\" data-element_type=\"widget\" data-settings=\"{&quot;youtube_url&quot;:&quot;https:\\\/\\\/youtu.be\\\/Cwm-Vtr1q74?si=KWm-wNOgzSPqa9lq&quot;,&quot;modestbranding&quot;:&quot;yes&quot;,&quot;yt_privacy&quot;:&quot;yes&quot;,&quot;video_type&quot;:&quot;youtube&quot;,&quot;controls&quot;:&quot;yes&quot;}\" data-widget_type=\"video.default\">\n\t\t\t\t<div class=\"elementor-widget-container\">\n\t\t\t\t\t<div class=\"elementor-wrapper elementor-open-inline\">\n\t\t\t<div class=\"elementor-video\"><\/div>\t\t<\/div>\n\t\t\t\t<\/div>\n\t\t\t\t<\/div>\n\t\t\t\t\t<\/div>\n\t\t<\/div>\n\t\t\t\t\t\t\t<\/div>\n\t\t<\/section>\n\t\t\t\t<section class=\"elementor-section elementor-top-section elementor-element elementor-element-8e95969 elementor-section-height-min-height elementor-section-boxed elementor-section-height-default elementor-section-items-middle\" data-id=\"8e95969\" data-element_type=\"section\">\n\t\t\t\t\t\t<div class=\"elementor-container elementor-column-gap-default\">\n\t\t\t\t\t<div class=\"elementor-column elementor-col-33 elementor-top-column elementor-element elementor-element-b2e35fc\" data-id=\"b2e35fc\" data-element_type=\"column\">\n\t\t\t<div class=\"elementor-widget-wrap elementor-element-populated\">\n\t\t\t\t\t\t\t\t<div class=\"elementor-element elementor-element-cb837be elementor-widget elementor-widget-headingss\" data-id=\"cb837be\" data-element_type=\"widget\" data-widget_type=\"headingss.default\">\n\t\t\t\t<div class=\"elementor-widget-container\">\n\t\t\t\r\n\t\t<!--====== HTML CODING START ========-->\r\n\r\n\t\t<div id=\"mega-line-container\" class=\"mega-line-heading\">\r\n\t\t\t\r\n\t\t\t\r\n\t\t    \r\n\t\t    \r\n\t\t    \r\n\t\t    \t\t\t\t<div id=\"mega-line-icon\" style=\"text-align: center;\">  \r\n\t\t\t        <h3 style=\"color: #5D5D5D;\">\r\n\t\t\t        \tSesi\u00f3n 9\t\t\t        <\/h3>\r\n\t\t\t        <div>\r\n\t\t\t        \t\t\t\t        <\/div>\r\n\t\t\t        <div class=\"line-icon\" style=\"text-align: center; width: 230px; border-top: 1px solid #5D5D5D;\">\r\n\t\t\t        \t\t\t\t        \t\t<i class=\"far fa-dot-circle\" aria-hidden=\"true\" style=\"color: #5D5D5D\"><\/i>\r\n\t\t\t        \t\t\t\t        \t\t\t\t        <\/div>\r\n\t\t\t    <\/div>\r\n\t\t          \t<\/div>\r\n\r\n\t\t\t\t<\/div>\n\t\t\t\t<\/div>\n\t\t\t\t<div class=\"elementor-element elementor-element-e16e213 elementor-widget elementor-widget-video\" data-id=\"e16e213\" data-element_type=\"widget\" data-settings=\"{&quot;youtube_url&quot;:&quot;https:\\\/\\\/youtu.be\\\/plcnput_1No?si=Epyk0HPzsZdV0fuR&quot;,&quot;modestbranding&quot;:&quot;yes&quot;,&quot;yt_privacy&quot;:&quot;yes&quot;,&quot;video_type&quot;:&quot;youtube&quot;,&quot;controls&quot;:&quot;yes&quot;}\" data-widget_type=\"video.default\">\n\t\t\t\t<div class=\"elementor-widget-container\">\n\t\t\t\t\t<div class=\"elementor-wrapper elementor-open-inline\">\n\t\t\t<div class=\"elementor-video\"><\/div>\t\t<\/div>\n\t\t\t\t<\/div>\n\t\t\t\t<\/div>\n\t\t\t\t\t<\/div>\n\t\t<\/div>\n\t\t\t\t<div class=\"elementor-column elementor-col-33 elementor-top-column elementor-element elementor-element-4ab63ac\" data-id=\"4ab63ac\" data-element_type=\"column\">\n\t\t\t<div class=\"elementor-widget-wrap\">\n\t\t\t\t\t\t\t\t\t<\/div>\n\t\t<\/div>\n\t\t\t\t<div class=\"elementor-column elementor-col-33 elementor-top-column elementor-element elementor-element-1b17331\" data-id=\"1b17331\" data-element_type=\"column\">\n\t\t\t<div class=\"elementor-widget-wrap\">\n\t\t\t\t\t\t\t\t\t<\/div>\n\t\t<\/div>\n\t\t\t\t\t\t\t<\/div>\n\t\t<\/section>\n\t\t\t\t\t\t\t<\/div>","protected":false},"excerpt":{"rendered":"<p>Sesi\u00f3n inaugural Sesi\u00f3n 1 Sesi\u00f3n 2 Sesi\u00f3n 3 Sesi\u00f3n 4 Sesi\u00f3n 5 Sesi\u00f3n 6 Sesi\u00f3n 7 Sesi\u00f3n 8 Sesi\u00f3n 9<\/p>","protected":false},"author":1,"featured_media":0,"parent":0,"menu_order":0,"comment_status":"closed","ping_status":"closed","template":"","meta":{"footnotes":""},"_links":{"self":[{"href":"https:\/\/wdcl.com.co\/es\/wp-json\/wp\/v2\/pages\/16901"}],"collection":[{"href":"https:\/\/wdcl.com.co\/es\/wp-json\/wp\/v2\/pages"}],"about":[{"href":"https:\/\/wdcl.com.co\/es\/wp-json\/wp\/v2\/types\/page"}],"author":[{"embeddable":true,"href":"https:\/\/wdcl.com.co\/es\/wp-json\/wp\/v2\/users\/1"}],"replies":[{"embeddable":true,"href":"https:\/\/wdcl.com.co\/es\/wp-json\/wp\/v2\/comments?post=16901"}],"version-history":[{"count":12,"href":"https:\/\/wdcl.com.co\/es\/wp-json\/wp\/v2\/pages\/16901\/revisions"}],"predecessor-version":[{"id":16917,"href":"https:\/\/wdcl.com.co\/es\/wp-json\/wp\/v2\/pages\/16901\/revisions\/16917"}],"wp:attachment":[{"href":"https:\/\/wdcl.com.co\/es\/wp-json\/wp\/v2\/media?parent=16901"}],"curies":[{"name":"wp","href":"https:\/\/api.w.org\/{rel}","templated":true}]}}