{"id":336,"date":"2018-03-22T23:12:48","date_gmt":"2018-03-23T04:12:48","guid":{"rendered":"https:\/\/wdcl.com.co\/?page_id=336"},"modified":"2021-12-01T17:45:24","modified_gmt":"2021-12-01T16:45:24","slug":"comite-cientifico","status":"publish","type":"page","link":"https:\/\/wdcl.com.co\/es\/comite-cientifico\/","title":{"rendered":"Comit\u00e9 cient\u00edfico"},"content":{"rendered":"<section class=\"wpb-content-wrapper\"><div class=\"vc_row wpb_row vc_row-fluid\"><div class=\"wpb_column vc_column_container vc_col-sm-12\"><div class=\"vc_column-inner\"><div class=\"wpb_wrapper\">\n\t<div  class=\"wpb_single_image wpb_content_element vc_align_center  wpb_animate_when_almost_visible wpb_fadeIn fadeIn\">\n\t\t\n\t\t<figure class=\"wpb_wrapper vc_figure\">\n\t\t\t<a class=\"\" data-lightbox=\"lightbox[rel-336-2857959992]\" href=\"https:\/\/wdcl.com.co\/wp-content\/uploads\/sites\/2\/2018\/06\/Wdcl-1024x678.jpeg\" target=\"_self\"><img loading=\"lazy\" decoding=\"async\" width=\"300\" height=\"199\" src=\"https:\/\/wdcl.com.co\/wp-content\/uploads\/sites\/2\/2018\/06\/Wdcl-300x199.jpeg\" class=\"vc_single_image-img attachment-medium\" alt=\"Dia Mundial del pulmon Critico\" title=\"Dia Mundial del pulm\u00f3n Critico\" srcset=\"https:\/\/wdcl.com.co\/wp-content\/uploads\/sites\/2\/2018\/06\/Wdcl-300x199.jpeg 300w, https:\/\/wdcl.com.co\/wp-content\/uploads\/sites\/2\/2018\/06\/Wdcl-1024x678.jpeg 1024w, https:\/\/wdcl.com.co\/wp-content\/uploads\/sites\/2\/2018\/06\/Wdcl-768x509.jpeg 768w, https:\/\/wdcl.com.co\/wp-content\/uploads\/sites\/2\/2018\/06\/Wdcl-1536x1017.jpeg 1536w, https:\/\/wdcl.com.co\/wp-content\/uploads\/sites\/2\/2018\/06\/Wdcl-2048x1357.jpeg 2048w, https:\/\/wdcl.com.co\/wp-content\/uploads\/sites\/2\/2018\/06\/Wdcl-1600x1060.jpeg 1600w, https:\/\/wdcl.com.co\/wp-content\/uploads\/sites\/2\/2018\/06\/Wdcl-600x397.jpeg 600w\" sizes=\"(max-width: 300px) 100vw, 300px\" \/><\/a>\n\t\t<\/figure>\n\t<\/div>\n<div class=\"vc_empty_space\"   style=\"height: 32px\"><span class=\"vc_empty_space_inner\"><\/span><\/div><div id=\"ultimate-heading-51069d4938421449\" class=\"uvc-heading ult-adjust-bottom-margin ultimate-heading-51069d4938421449 uvc-9024\" data-hspacer=\"line_with_icon\" data-hline_width=\"300\" data-hicon_type=\"selector\" data-hborder_style=\"solid\" data-hborder_height=\"1\" data-hborder_color=\"#ccc\" data-icon_width=\"10\" data-hfixer=\"10\"  data-halign=\"center\" style=\"text-align:center\"><div class=\"uvc-main-heading ult-responsive\"  data-ultimate-target='.uvc-heading.ultimate-heading-51069d4938421449 h2'  data-responsive-json-new='{\"font-size\":\"\",\"line-height\":\"\"}' ><h2 style=\"font-weight:normal;\">America<\/h2><\/div><div class=\"uvc-heading-spacer line_with_icon\" style=\"topheight:10px;\"><div class=\"ult-just-icon-wrapper\"><div class=\"align-icon\" style=\"text-align:center;\">\n<div class=\"aio-icon none\"  style=\"font-size:10px;display:inline-block;\">\n\t<i class=\"Defaults-circle\"><\/i>\n<\/div><\/div><\/div><\/div><\/div><div class=\"vc_empty_space\"   style=\"height: 32px\"><span class=\"vc_empty_space_inner\"><\/span><\/div><div class=\"vc_row wpb_row vc_inner vc_row-fluid\"><div class=\"wpb_column vc_column_container vc_col-sm-3\"><div class=\"vc_column-inner\"><div class=\"wpb_wrapper\"><div id=\"ultimate-heading-170269d4938421a27\" class=\"uvc-heading ult-adjust-bottom-margin ultimate-heading-170269d4938421a27 uvc-6956\" data-hspacer=\"no_spacer\"  data-halign=\"left\" style=\"text-align:left\"><div class=\"uvc-heading-spacer no_spacer\" style=\"top\"><\/div><div class=\"uvc-main-heading ult-responsive\"  data-ultimate-target='.uvc-heading.ultimate-heading-170269d4938421a27 h6'  data-responsive-json-new='{\"font-size\":\"\",\"line-height\":\"\"}' ><h6 style=\"font-weight:bold;\">Nestor Raimondi, MD Argentine<\/h6><\/div><div class=\"uvc-sub-heading ult-responsive\"  data-ultimate-target='.uvc-heading.ultimate-heading-170269d4938421a27 .uvc-sub-heading '  data-responsive-json-new='{\"font-size\":\"desktop:15px;\",\"line-height\":\"\"}'  style=\"font-weight:normal;\"><\/p>\n<ul style=\"font-size: 15px;\">\n<li style=\"text-align: left;\">President of the Pan American and Iberian Federation of Critical Medicine and Intensive Care Societies<\/li>\n<li style=\"text-align: left;\">Hospital Municipal Juan A. Fern\u00e1ndez, Universidad de Buenos Aires, Argentina.<\/li>\n<\/ul>\n<p><\/div><\/div><\/div><\/div><\/div><div class=\"wpb_column vc_column_container vc_col-sm-3\"><div class=\"vc_column-inner\"><div class=\"wpb_wrapper\"><div id=\"ultimate-heading-487869d4938421b2c\" class=\"uvc-heading ult-adjust-bottom-margin ultimate-heading-487869d4938421b2c uvc-1704\" data-hspacer=\"no_spacer\"  data-halign=\"left\" style=\"text-align:left\"><div class=\"uvc-heading-spacer no_spacer\" style=\"top\"><\/div><div class=\"uvc-main-heading ult-responsive\"  data-ultimate-target='.uvc-heading.ultimate-heading-487869d4938421b2c h6'  data-responsive-json-new='{\"font-size\":\"\",\"line-height\":\"\"}' ><h6 style=\"font-weight:bold;\">Agamenon Quintero Villarreal, MD Colombia<\/h6><\/div><div class=\"uvc-sub-heading ult-responsive\"  data-ultimate-target='.uvc-heading.ultimate-heading-487869d4938421b2c .uvc-sub-heading '  data-responsive-json-new='{\"font-size\":\"desktop:15px;\",\"line-height\":\"\"}'  style=\"font-weight:normal;\"><\/p>\n<ul style=\"font-size: 15px;\">\n<li>Hospital Mocel, Mexico &#8211; Universidad de la Sabana,Colombia<\/li>\n<li>Jefe Servicio de Medicina Critica- Director de Ense\u00f1anza IMAT<\/li>\n<li>Profesor Facultad de Medicina UniSinu<\/li>\n<\/ul>\n<p><\/div><\/div><\/div><\/div><\/div><div class=\"wpb_column vc_column_container vc_col-sm-3\"><div class=\"vc_column-inner\"><div class=\"wpb_wrapper\"><div id=\"ultimate-heading-868769d4938421bfb\" class=\"uvc-heading ult-adjust-bottom-margin ultimate-heading-868769d4938421bfb uvc-3345\" data-hspacer=\"no_spacer\"  data-halign=\"left\" style=\"text-align:left\"><div class=\"uvc-heading-spacer no_spacer\" style=\"top\"><\/div><div class=\"uvc-main-heading ult-responsive\"  data-ultimate-target='.uvc-heading.ultimate-heading-868769d4938421bfb h6'  data-responsive-json-new='{\"font-size\":\"\",\"line-height\":\"\"}' ><h6 style=\"font-weight:bold;\">Jorge Sahlu, MD Brazil<\/h6><\/div><div class=\"uvc-sub-heading ult-responsive\"  data-ultimate-target='.uvc-heading.ultimate-heading-868769d4938421bfb .uvc-sub-heading '  data-responsive-json-new='{\"font-size\":\"desktop:15px;\",\"line-height\":\"\"}'  style=\"font-weight:normal;\"><\/p>\n<ul style=\"font-size: 15px;\">\n<li style=\"text-align: left;\">Department of Critical Care and PostGraduate Program in Translational Medicine, D\u2019Or Institute for Research and Education, Rio de Janeiro,\u00a0Brazil.<\/li>\n<li>Professor Federal University of Rio de Janeiro- PostGrad Progra<\/li>\n<\/ul>\n<p><\/div><\/div><\/div><\/div><\/div><div class=\"wpb_column vc_column_container vc_col-sm-3\"><div class=\"vc_column-inner\"><div class=\"wpb_wrapper\"><div id=\"ultimate-heading-290969d4938421cc1\" class=\"uvc-heading ult-adjust-bottom-margin ultimate-heading-290969d4938421cc1 uvc-920\" data-hspacer=\"no_spacer\"  data-halign=\"left\" style=\"text-align:left\"><div class=\"uvc-heading-spacer no_spacer\" style=\"top\"><\/div><div class=\"uvc-main-heading ult-responsive\"  data-ultimate-target='.uvc-heading.ultimate-heading-290969d4938421cc1 h6'  data-responsive-json-new='{\"font-size\":\"\",\"line-height\":\"\"}' ><h6 style=\"font-weight:bold;\">Manuel Jibaja, MD Ecuador<\/h6><\/div><div class=\"uvc-sub-heading ult-responsive\"  data-ultimate-target='.uvc-heading.ultimate-heading-290969d4938421cc1 .uvc-sub-heading '  data-responsive-json-new='{\"font-size\":\"desktop:15px;\",\"line-height\":\"\"}'  style=\"font-weight:normal;\"><\/p>\n<ul style=\"font-size: 15px;\">\n<li style=\"text-align: left;\">Hospital Eugenio Espejo, Quito, Ecuador.<\/li>\n<\/ul>\n<p><\/div><\/div><\/div><\/div><\/div><\/div><\/div><\/div><\/div><\/div><div class=\"vc_row wpb_row vc_row-fluid\"><div class=\"wpb_column vc_column_container vc_col-sm-12\"><div class=\"vc_column-inner\"><div class=\"wpb_wrapper\"><div id=\"ultimate-heading-940869d493842215d\" class=\"uvc-heading ult-adjust-bottom-margin ultimate-heading-940869d493842215d uvc-5349\" data-hspacer=\"line_with_icon\" data-hline_width=\"300\" data-hicon_type=\"selector\" data-hborder_style=\"solid\" data-hborder_height=\"1\" data-hborder_color=\"#ccc\" data-icon_width=\"10\" data-hfixer=\"10\"  data-halign=\"center\" style=\"text-align:center\"><div class=\"uvc-main-heading ult-responsive\"  data-ultimate-target='.uvc-heading.ultimate-heading-940869d493842215d h2'  data-responsive-json-new='{\"font-size\":\"\",\"line-height\":\"\"}' ><h2 style=\"font-weight:normal;\">Europa<\/h2><\/div><div class=\"uvc-heading-spacer line_with_icon\" style=\"topheight:10px;\"><div class=\"ult-just-icon-wrapper\"><div class=\"align-icon\" style=\"text-align:center;\">\n<div class=\"aio-icon none\"  style=\"font-size:10px;display:inline-block;\">\n\t<i class=\"Defaults-circle\"><\/i>\n<\/div><\/div><\/div><\/div><\/div><div class=\"vc_empty_space\"   style=\"height: 32px\"><span class=\"vc_empty_space_inner\"><\/span><\/div><div class=\"vc_row wpb_row vc_inner vc_row-fluid\"><div class=\"wpb_column vc_column_container vc_col-sm-3\"><div class=\"vc_column-inner\"><div class=\"wpb_wrapper\"><div id=\"ultimate-heading-926669d4938422316\" class=\"uvc-heading ult-adjust-bottom-margin ultimate-heading-926669d4938422316 uvc-311\" data-hspacer=\"no_spacer\"  data-halign=\"left\" style=\"text-align:left\"><div class=\"uvc-heading-spacer no_spacer\" style=\"top\"><\/div><div class=\"uvc-main-heading ult-responsive\"  data-ultimate-target='.uvc-heading.ultimate-heading-926669d4938422316 h6'  data-responsive-json-new='{\"font-size\":\"\",\"line-height\":\"\"}' ><h6 style=\"font-weight:bold;\">Ignacio Martin-Loeches, MD Ireland<\/h6><\/div><div class=\"uvc-sub-heading ult-responsive\"  data-ultimate-target='.uvc-heading.ultimate-heading-926669d4938422316 .uvc-sub-heading '  data-responsive-json-new='{\"font-size\":\"desktop:15px;\",\"line-height\":\"\"}'  style=\"font-weight:normal;\"><\/p>\n<ul style=\"font-size: 15px;\">\n<li style=\"text-align: left;\"><em>Multidisciplinary Intensive Care Research Organization (MICRO), St. James\u2019s University Hospitals Dublin, James\u2019s St, Ushers, Dublin 8, Ireland.<\/em><\/li>\n<\/ul>\n<p><\/div><\/div><\/div><\/div><\/div><div class=\"wpb_column vc_column_container vc_col-sm-3\"><div class=\"vc_column-inner\"><div class=\"wpb_wrapper\"><div id=\"ultimate-heading-967869d49384223de\" class=\"uvc-heading ult-adjust-bottom-margin ultimate-heading-967869d49384223de uvc-8917\" data-hspacer=\"no_spacer\"  data-halign=\"left\" style=\"text-align:left\"><div class=\"uvc-heading-spacer no_spacer\" style=\"top\"><\/div><div class=\"uvc-main-heading ult-responsive\"  data-ultimate-target='.uvc-heading.ultimate-heading-967869d49384223de h6'  data-responsive-json-new='{\"font-size\":\"\",\"line-height\":\"\"}' ><h6 style=\"font-weight:bold;\">Luis Blanch, MD Spain<\/h6><\/div><div class=\"uvc-sub-heading ult-responsive\"  data-ultimate-target='.uvc-heading.ultimate-heading-967869d49384223de .uvc-sub-heading '  data-responsive-json-new='{\"font-size\":\"desktop:15px;\",\"line-height\":\"\"}'  style=\"font-weight:normal;\"><\/p>\n<ul style=\"font-size: 15px;\">\n<li>Parc Tauli University Hospital, Critical Care Center, Institut de Investigaci\u00f3 i Innovaci\u00f3 Parc Taul\u00ed, I3PT, Universitat Aut\u00f2noma de Barcelona, Parc Taul\u00ed, Sabadell, Spain..<\/li>\n<li>CIBER Enfermedades Respiratorias, ISCIII, Madrid, Spain.<\/li>\n<\/ul>\n<p><\/div><\/div><\/div><\/div><\/div><div class=\"wpb_column vc_column_container vc_col-sm-3\"><div class=\"vc_column-inner\"><div class=\"wpb_wrapper\"><div id=\"ultimate-heading-227169d49384224a1\" class=\"uvc-heading ult-adjust-bottom-margin ultimate-heading-227169d49384224a1 uvc-1935\" data-hspacer=\"no_spacer\"  data-halign=\"left\" style=\"text-align:left\"><div class=\"uvc-heading-spacer no_spacer\" style=\"top\"><\/div><div class=\"uvc-main-heading ult-responsive\"  data-ultimate-target='.uvc-heading.ultimate-heading-227169d49384224a1 h6'  data-responsive-json-new='{\"font-size\":\"\",\"line-height\":\"\"}' ><h6 style=\"font-weight:bold;\">Antonio Artigas, MD Spain<\/h6><\/div><div class=\"uvc-sub-heading ult-responsive\"  data-ultimate-target='.uvc-heading.ultimate-heading-227169d49384224a1 .uvc-sub-heading '  data-responsive-json-new='{\"font-size\":\"desktop:15px;\",\"line-height\":\"\"}'  style=\"font-weight:normal;\"><\/p>\n<ul style=\"font-size: 15px;\">\n<li>Critical Care Center, Parc Taul\u00ed Hospital-Sabadell, CIBERes, Parc Tauli s\/n., Sabadell, Barcelona, Spain.<\/li>\n<li>Centros de Investigaci\u00f3n Biom\u00e9dica en Red (CIBER), Madrid, Spain.<\/li>\n<\/ul>\n<p><\/div><\/div><\/div><\/div><\/div><div class=\"wpb_column vc_column_container vc_col-sm-3\"><div class=\"vc_column-inner\"><div class=\"wpb_wrapper\"><div id=\"ultimate-heading-876869d4938422553\" class=\"uvc-heading ult-adjust-bottom-margin ultimate-heading-876869d4938422553 uvc-8093\" data-hspacer=\"no_spacer\"  data-halign=\"left\" style=\"text-align:left\"><div class=\"uvc-heading-spacer no_spacer\" style=\"top\"><\/div><div class=\"uvc-main-heading ult-responsive\"  data-ultimate-target='.uvc-heading.ultimate-heading-876869d4938422553 h6'  data-responsive-json-new='{\"font-size\":\"\",\"line-height\":\"\"}' ><h6 style=\"font-weight:bold;\">Federico Gordo, MD Spain<\/h6><\/div><div class=\"uvc-sub-heading ult-responsive\"  data-ultimate-target='.uvc-heading.ultimate-heading-876869d4938422553 .uvc-sub-heading '  data-responsive-json-new='{\"font-size\":\"desktop:15px;\",\"line-height\":\"\"}'  style=\"font-weight:normal;\"><\/p>\n<ul style=\"font-size: 15px;\">\n<li>Servicio de Medicina Intensiva, Hospital Universitario del Henares, Coslada, Madrid, Spain; Universidad Francisco de Vitoria, Pozuelo de Alarc\u00f3n, Madrid, Spain<\/li>\n<\/ul>\n<p><\/div><\/div><\/div><\/div><\/div><\/div><\/div><\/div><\/div><\/div><div class=\"vc_row wpb_row vc_row-fluid\"><div class=\"wpb_column vc_column_container vc_col-sm-12\"><div class=\"vc_column-inner\"><div class=\"wpb_wrapper\"><div id=\"ultimate-heading-313269d4938422872\" class=\"uvc-heading ult-adjust-bottom-margin ultimate-heading-313269d4938422872 uvc-9236\" data-hspacer=\"line_with_icon\" data-hline_width=\"300\" data-hicon_type=\"selector\" data-hborder_style=\"solid\" data-hborder_height=\"1\" data-hborder_color=\"#ccc\" data-icon_width=\"10\" data-hfixer=\"10\"  data-halign=\"center\" style=\"text-align:center\"><div class=\"uvc-main-heading ult-responsive\"  data-ultimate-target='.uvc-heading.ultimate-heading-313269d4938422872 h2'  data-responsive-json-new='{\"font-size\":\"\",\"line-height\":\"\"}' ><h2 style=\"font-weight:normal;\">Africa<\/h2><\/div><div class=\"uvc-heading-spacer line_with_icon\" style=\"topheight:10px;\"><div class=\"ult-just-icon-wrapper\"><div class=\"align-icon\" style=\"text-align:center;\">\n<div class=\"aio-icon none\"  style=\"font-size:10px;display:inline-block;\">\n\t<i class=\"Defaults-circle\"><\/i>\n<\/div><\/div><\/div><\/div><\/div><div class=\"vc_empty_space\"   style=\"height: 32px\"><span class=\"vc_empty_space_inner\"><\/span><\/div><div class=\"vc_row wpb_row vc_inner vc_row-fluid\"><div class=\"wpb_column vc_column_container vc_col-sm-3\"><div class=\"vc_column-inner\"><div class=\"wpb_wrapper\"><div id=\"ultimate-heading-615569d49384229de\" class=\"uvc-heading ult-adjust-bottom-margin ultimate-heading-615569d49384229de uvc-3724\" data-hspacer=\"no_spacer\"  data-halign=\"left\" style=\"text-align:left\"><div class=\"uvc-heading-spacer no_spacer\" style=\"top\"><\/div><div class=\"uvc-main-heading ult-responsive\"  data-ultimate-target='.uvc-heading.ultimate-heading-615569d49384229de h6'  data-responsive-json-new='{\"font-size\":\"\",\"line-height\":\"\"}' ><h6 style=\"font-weight:bold;\">Salum Shaaban, MD. Tanzania<\/h6><\/div><div class=\"uvc-sub-heading ult-responsive\"  data-ultimate-target='.uvc-heading.ultimate-heading-615569d49384229de .uvc-sub-heading '  data-responsive-json-new='{\"font-size\":\"desktop:15px;\",\"line-height\":\"\"}'  style=\"font-weight:normal;\"><\/p>\n<ul style=\"font-size: 15px;\">\n<li style=\"text-align: left;\"><em>Head of the Department of Critical Care Medicine<\/em><\/li>\n<\/ul>\n<p><\/div><\/div><\/div><\/div><\/div><div class=\"wpb_column vc_column_container vc_col-sm-3\"><div class=\"vc_column-inner\"><div class=\"wpb_wrapper\"><\/div><\/div><\/div><div class=\"wpb_column vc_column_container vc_col-sm-3\"><div class=\"vc_column-inner\"><div class=\"wpb_wrapper\"><\/div><\/div><\/div><div class=\"wpb_column vc_column_container vc_col-sm-3\"><div class=\"vc_column-inner\"><div class=\"wpb_wrapper\"><\/div><\/div><\/div><\/div><\/div><\/div><\/div><\/div><div class=\"vc_row wpb_row vc_row-fluid\"><div class=\"wpb_column vc_column_container vc_col-sm-12\"><div class=\"vc_column-inner\"><div class=\"wpb_wrapper\"><div class=\"vc_empty_space\"   style=\"height: 100px\"><span class=\"vc_empty_space_inner\"><\/span><\/div><div class=\"vc_separator wpb_content_element vc_separator_align_center vc_sep_width_100 vc_sep_shadow vc_sep_pos_align_center vc_separator_no_text vc_sep_color_grey\" ><span class=\"vc_sep_holder vc_sep_holder_l\"><span class=\"vc_sep_line\"><\/span><\/span><span class=\"vc_sep_holder vc_sep_holder_r\"><span class=\"vc_sep_line\"><\/span><\/span>\n<\/div><div class=\"vc_row wpb_row vc_inner vc_row-fluid\"><div class=\"wpb_column vc_column_container vc_col-sm-12\"><div class=\"vc_column-inner\"><div class=\"wpb_wrapper\">\n\t<div  class=\"wpb_single_image wpb_content_element vc_align_center  wpb_animate_when_almost_visible wpb_fadeIn fadeIn\">\n\t\t\n\t\t<figure class=\"wpb_wrapper vc_figure\">\n\t\t\t<a class=\"\" data-lightbox=\"lightbox[rel-336-456822742]\" href=\"https:\/\/wdcl.com.co\/wp-content\/uploads\/sites\/2\/2018\/05\/panamerican-federation-logo.png\" target=\"_self\"><img loading=\"lazy\" decoding=\"async\" width=\"248\" height=\"300\" src=\"https:\/\/wdcl.com.co\/wp-content\/uploads\/sites\/2\/2018\/05\/panamerican-federation-logo-248x300.png\" class=\"vc_single_image-img attachment-medium\" alt=\"D\u00eda mundial del pulm\u00f3n cr\u00edtico\" title=\"D\u00eda mundial del pulm\u00f3n cr\u00edtico - panamerican federation - logo\" srcset=\"https:\/\/wdcl.com.co\/wp-content\/uploads\/sites\/2\/2018\/05\/panamerican-federation-logo-248x300.png 248w, https:\/\/wdcl.com.co\/wp-content\/uploads\/sites\/2\/2018\/05\/panamerican-federation-logo.png 397w\" sizes=\"(max-width: 248px) 100vw, 248px\" \/><\/a>\n\t\t<\/figure>\n\t<\/div>\n<\/div><\/div><\/div><\/div><\/div><\/div><\/div><\/div>\n<\/section>","protected":false},"excerpt":{"rendered":"America Nestor Raimondi, MD Argentine President of the Pan American and Iberian Federation of Critical Medicine and Intensive Care Societies Hospital Municipal Juan A. Fern\u00e1ndez, Universidad de Buenos Aires, Argentina. Agamenon Quintero Villarreal, MD Colombia Hospital Mocel, Mexico - Universidad de la Sabana,Colombia Jefe Servicio de Medicina Critica- Director de Ense\u00f1anza IMAT Profesor Facultad de [...]","protected":false},"author":1,"featured_media":0,"parent":0,"menu_order":0,"comment_status":"closed","ping_status":"closed","template":"","meta":{"footnotes":""},"_links":{"self":[{"href":"https:\/\/wdcl.com.co\/es\/wp-json\/wp\/v2\/pages\/336"}],"collection":[{"href":"https:\/\/wdcl.com.co\/es\/wp-json\/wp\/v2\/pages"}],"about":[{"href":"https:\/\/wdcl.com.co\/es\/wp-json\/wp\/v2\/types\/page"}],"author":[{"embeddable":true,"href":"https:\/\/wdcl.com.co\/es\/wp-json\/wp\/v2\/users\/1"}],"replies":[{"embeddable":true,"href":"https:\/\/wdcl.com.co\/es\/wp-json\/wp\/v2\/comments?post=336"}],"version-history":[{"count":1,"href":"https:\/\/wdcl.com.co\/es\/wp-json\/wp\/v2\/pages\/336\/revisions"}],"predecessor-version":[{"id":15398,"href":"https:\/\/wdcl.com.co\/es\/wp-json\/wp\/v2\/pages\/336\/revisions\/15398"}],"wp:attachment":[{"href":"https:\/\/wdcl.com.co\/es\/wp-json\/wp\/v2\/media?parent=336"}],"curies":[{"name":"wp","href":"https:\/\/api.w.org\/{rel}","templated":true}]}}