{"id":765,"date":"2018-10-12T13:37:17","date_gmt":"2018-10-12T18:37:17","guid":{"rendered":"https:\/\/wdcl.com.co\/?page_id=765"},"modified":"2021-11-24T01:12:06","modified_gmt":"2021-11-24T01:12:06","slug":"evento","status":"publish","type":"page","link":"https:\/\/wdcl.com.co\/es\/evento\/","title":{"rendered":"Evento en Vivo"},"content":{"rendered":"<section class=\"wpb-content-wrapper\"><div class=\"vc_row wpb_row vc_row-fluid\"><div class=\"wpb_column vc_column_container vc_col-sm-12\"><div class=\"vc_column-inner\"><div class=\"wpb_wrapper\"><div id=\"ultimate-heading-842169f2b8be3ed25\" class=\"uvc-heading ult-adjust-bottom-margin ultimate-heading-842169f2b8be3ed25 uvc-1649\" data-hspacer=\"line_with_icon\" data-hline_width=\"800\" data-hicon_type=\"selector\" data-hborder_style=\"solid\" data-hborder_height=\"1\" data-hborder_color=\"#a5a5a5\" data-icon_width=\"10\" data-hfixer=\"10\"  data-halign=\"center\" style=\"text-align:center\"><div class=\"uvc-main-heading ult-responsive\"  data-ultimate-target='.uvc-heading.ultimate-heading-842169f2b8be3ed25 h2'  data-responsive-json-new='{\"font-size\":\"desktop:40px;\",\"line-height\":\"\"}' ><h2 style=\"font-weight:normal;color:#003366;\">Transmisi\u00f3n del D\u00eda mundial del pulm\u00f3n cr\u00edtico<\/h2><\/div><div class=\"uvc-heading-spacer line_with_icon\" style=\"topheight:10px;\"><div class=\"ult-just-icon-wrapper\"><div class=\"align-icon\" style=\"text-align:center;\">\n<div class=\"aio-icon none\"  style=\"font-size:10px;display:inline-block;\">\n\t<i class=\"Defaults-circle\"><\/i>\n<\/div><\/div><\/div><\/div><\/div><div class=\"vc_empty_space\"   style=\"height: 32px\"><span class=\"vc_empty_space_inner\"><\/span><\/div><\/div><\/div><\/div><\/div><div class=\"vc_row wpb_row vc_row-fluid\"><div class=\"wpb_column vc_column_container vc_col-sm-12\"><div class=\"vc_column-inner\"><div class=\"wpb_wrapper\"><div id=\"advanced-tabs-desc-wrap-2197\" class=\"ult_tabs\" style=\" \" data-tabsstyle=\"style1\"\n data-titlebg=\"#e7ecea\" data-titlecolor=\"#74777b\" data-fullheight=\"off\"\n data-titlehoverbg=\"#4f90d1\" data-titlehovercolor=\"#ffffff\"\n data-rotatetabs=\"0\" data-responsivemode=\"Both\" data-animation=\"Slide\"\ndata-activetitle=\"#ffffff\" data-activeicon=\"\" data-activebg=\"#4f90d1\"  data-respmode=\"Tabs\" data-respwidth=\"400\" data-scroll = \"on\" data-activeindex=\"1\"><ul id=\"advanced-tabs-wrap-9508\" class=\"ult_tabmenu style1 Style_4\" style=\"color:transparent;border-bottom-color:transparent;border-bottom-width:0px;border-bottom-style:solid;border-bottom-width:0px;\"><li class=\"ult_tab_li ult_tab_style_4\" data-iconcolor=\"#74777b\" data-iconhover=\"#ffffff\" style=\"background-color:#e7ecea;border-color:transparent;border-width:0px;border-style:solid;border-top-right-radius:8px;\">\n\t\t\t\t\t<a href=\"#1539373707651-7\" id=\"1539373707651-7\" style=\"color:#74777b;;  \" class=\"ult_a\">\n\t\t\t\t\t   <span class=\"ult_tab_main  Both\">\n\t\t\t\t\t    <span class=\"ult_tab_section\">\n\t\t\t\t\t  \t\t<span  data-ultimate-target='#advanced-tabs-wrap-9508 .ult-span-text'  data-responsive-json-new='{\"font-size\":\"desktop:20px;\",\"line-height\":\"\"}'  class=\"ult-span-text ult-responsive\" style=\"\">Audio en espa\u00f1ol<\/span>\n\t\t\t\t\t\t   \t<span class=\"aio-icon none ult_tab_iconright\" style=\"color:#74777b;font-size:15px;\">\n\t\t\t\t\t\t   \t<i class=\"Defaults-video-camera ult_tab_icon\"  ><\/i>\n\t\t\t\t\t\t   <\/span>\n\t\t\t\t\t\t<\/span>\n\t\t\t\t\t   <\/span>\n\n\t\t\t\t\t<\/a>\n\t\t\t\t\t<\/li><\/ul><div  data-ultimate-target='#advanced-tabs-desc-wrap-2197 .ult_tabcontent .ult_tab_min_contain  p'  data-responsive-json-new='{\"font-size\":\"\",\"line-height\":\"\"}' class=\"ult_tabcontent ult-responsive style1\" style=\"color:#74777b;\"><div class=\"ult_tab_min_contain\" >\n\t\t\t<div  class=\"ult_tabitemname\"  >\n\t\t\t\t<div class=\"vc_empty_space\"   style=\"height: 32px\"><span class=\"vc_empty_space_inner\"><\/span><\/div>\n\t<div class=\"wpb_raw_code wpb_content_element wpb_raw_html\" >\n\t\t<div class=\"wpb_wrapper\">\n\t\t\t<center>\n<iframe loading=\"lazy\" width=\"560\" height=\"315\" src=\"https:\/\/www.youtube.com\/embed\/9hL2qbGW9pw\" frameborder=\"0\" allow=\"accelerometer; autoplay; encrypted-media; gyroscope; picture-in-picture\" allowfullscreen><\/iframe>\n<\/center>\n\t\t<\/div>\n\t<\/div>\n<div class=\"vc_btn3-container vc_btn3-center\" ><a class=\"vc_general vc_btn3 vc_btn3-size-md vc_btn3-shape-rounded vc_btn3-style-modern vc_btn3-icon-left vc_btn3-color-danger\" href=\"https:\/\/wdcl.com.co\/event\/\" title=\"\"><i class=\"vc_btn3-icon fa fa-play-circle\"><\/i> Audio en Ingles<\/a><\/div>\n\t\t\t<\/div><\/div><\/div><\/div><div class=\"ult_acord advanced-tabs-desc-wrap-2197\">\n   <div class=\"ult-tabto-accordion\" style=\"width:;\"\n    data-titlecolor=\"#74777b\"  data-titlebg=\"#e7ecea\"\n     data-titlehoverbg=\"#4f90d1\" data-titlehovercolor=\"#ffffff\" data-animation=\"Slide\"\n     data-activetitle=\"#ffffff\" data-activeicon=\"\" data-activebg=\"#4f90d1\" data-scroll = \"on\" data-activeindex=\"1\" >\n     <dl><dt class=\"\">\n        \t<a class=\"ult-tabto-actitle withBorder ult_a\" id=\"1539373707651-7\" style=\"color:#74777b;;background-color:#e7ecea;border-bottom-color:transparent;border-bottom-width:0px;border-bottom-style:solid;\" href=\"#1539373707651-7\">\n        \t\t<i class=\"accordion-icon\"><\/i>\n        \t\t\t<span class=\"ult_tab_main ult_ac_mainBoth\">\n\t\t\t\t\t   <span  data-ultimate-target='#advanced-tabs-wrap-9508 .ult-span-text'  data-responsive-json-new='{\"font-size\":\"desktop:20px;\",\"line-height\":\"\"}'  class=\"ult-span-text ult_acordian-text ult-responsive\" style=\";color:inherit \" >Audio en espa\u00f1ol<\/span>\n\t\t\t\t\t<\/span>\n\t\t\t\t\t   <div class=\"aio-icon none\" style=\"color:#74777b;font-size:15px;\" data-iconcolor=\"#74777b\" data-iconhover=\"#ffffff\">\n\t\t\t\t\t   <i class=\"Defaults-video-camera ult_tab_icon\"  ><\/i>\n\t\t\t\t\t   <\/div>\n\t\t\t\t\t<\/a><\/dt>\n            \t\t<dd class=\"ult-tabto-accordionItem ult-tabto-accolapsed\">\n\t\t\t            <div class=\"ult-tabto-acontent\" style=\"color:#74777b;\">\n\t\t\t               <div class=\"vc_empty_space\"   style=\"height: 32px\"><span class=\"vc_empty_space_inner\"><\/span><\/div>\n\t<div class=\"wpb_raw_code wpb_content_element wpb_raw_html\" >\n\t\t<div class=\"wpb_wrapper\">\n\t\t\t<center>\n<iframe loading=\"lazy\" width=\"560\" height=\"315\" src=\"https:\/\/www.youtube.com\/embed\/9hL2qbGW9pw\" frameborder=\"0\" allow=\"accelerometer; autoplay; encrypted-media; gyroscope; picture-in-picture\" allowfullscreen><\/iframe>\n<\/center>\n\t\t<\/div>\n\t<\/div>\n<div class=\"vc_btn3-container vc_btn3-center\" ><a class=\"vc_general vc_btn3 vc_btn3-size-md vc_btn3-shape-rounded vc_btn3-style-modern vc_btn3-icon-left vc_btn3-color-danger\" href=\"https:\/\/wdcl.com.co\/event\/\" title=\"\"><i class=\"vc_btn3-icon fa fa-play-circle\"><\/i> Audio en Ingles<\/a><\/div>\n\t\t\t            <\/div>\n        \t<\/dd>\n    \t<\/dl>\n    <!--<div class=\"extraborder\" style=\"background-color:#4f90d1\"><\/div>-->\n<\/div>\n\n<\/div>\n\t<div class=\"wpb_raw_code wpb_raw_js\" >\n\t\t<div class=\"wpb_wrapper\">\n\t\t\t<!-- Global site tag (gtag.js) - Google Analytics -->\n<script async src=\"https:\/\/www.googletagmanager.com\/gtag\/js?id=UA-127554211-1\"><\/script>\n<script>\n  window.dataLayer = window.dataLayer || [];\n  function gtag(){dataLayer.push(arguments);}\n  gtag('js', new Date());\n\n  gtag('config', 'UA-127554211-1');\n<\/script>\n\t\t<\/div>\n\t<\/div>\n<\/div><\/div><\/div><\/div>\n<\/section>","protected":false},"excerpt":{"rendered":"Transmisi\u00f3n del D\u00eda mundial del pulm\u00f3n cr\u00edtico Audio en espa\u00f1ol Audio en Ingles Audio en espa\u00f1ol Audio en Ingles","protected":false},"author":1,"featured_media":0,"parent":0,"menu_order":0,"comment_status":"closed","ping_status":"closed","template":"","meta":{"footnotes":""},"_links":{"self":[{"href":"https:\/\/wdcl.com.co\/es\/wp-json\/wp\/v2\/pages\/765"}],"collection":[{"href":"https:\/\/wdcl.com.co\/es\/wp-json\/wp\/v2\/pages"}],"about":[{"href":"https:\/\/wdcl.com.co\/es\/wp-json\/wp\/v2\/types\/page"}],"author":[{"embeddable":true,"href":"https:\/\/wdcl.com.co\/es\/wp-json\/wp\/v2\/users\/1"}],"replies":[{"embeddable":true,"href":"https:\/\/wdcl.com.co\/es\/wp-json\/wp\/v2\/comments?post=765"}],"version-history":[{"count":1,"href":"https:\/\/wdcl.com.co\/es\/wp-json\/wp\/v2\/pages\/765\/revisions"}],"predecessor-version":[{"id":15400,"href":"https:\/\/wdcl.com.co\/es\/wp-json\/wp\/v2\/pages\/765\/revisions\/15400"}],"wp:attachment":[{"href":"https:\/\/wdcl.com.co\/es\/wp-json\/wp\/v2\/media?parent=765"}],"curies":[{"name":"wp","href":"https:\/\/api.w.org\/{rel}","templated":true}]}}